{"id":7353,"date":"2024-02-23T13:49:24","date_gmt":"2024-02-23T12:49:24","guid":{"rendered":"https:\/\/gespromar.com\/?page_id=7353"},"modified":"2024-02-23T13:52:35","modified_gmt":"2024-02-23T12:52:35","slug":"politica-de-cookies","status":"publish","type":"page","link":"https:\/\/gespromar.com\/index.php\/politica-de-cookies\/","title":{"rendered":"Pol\u00edtica de cookies"},"content":{"rendered":"<p>[et_pb_section fb_built=\u00bb1&#8243; theme_builder_area=\u00bbpost_content\u00bb _builder_version=\u00bb4.24.2&#8243; _module_preset=\u00bbdefault\u00bb][et_pb_row _builder_version=\u00bb4.24.2&#8243; _module_preset=\u00bbdefault\u00bb theme_builder_area=\u00bbpost_content\u00bb][et_pb_column _builder_version=\u00bb4.24.2&#8243; _module_preset=\u00bbdefault\u00bb type=\u00bb4_4&#8243; theme_builder_area=\u00bbpost_content\u00bb][et_pb_text _builder_version=\u00bb4.24.2&#8243; _module_preset=\u00bbdefault\u00bb theme_builder_area=\u00bbpost_content\u00bb hover_enabled=\u00bb0&#8243; sticky_enabled=\u00bb0&#8243;]<\/p>\n<h1>Pol\u00edtica de Cookies<\/h1>\n<p>&nbsp;<\/p>\n<p>Le informamos que esta p\u00e1gina web utiliza cookies para analizar la navegaci\u00f3n de usuarios. Estos archivos se instalan en el equipo desde el que accedes a este sitio web con las finalidades que se describen en esta p\u00e1gina.<\/p>\n<p>&nbsp;<\/p>\n<p><strong>\u00bfQu\u00e9 son las cookies?<\/strong><\/p>\n<p>Una cookie es un fichero que se descarga en su ordenador al acceder a determinadas p\u00e1ginas web. Las cookies permiten a una p\u00e1gina web, entre otras cosas, almacenar y recuperar informaci\u00f3n sobre h\u00e1bitos de navegaci\u00f3n de un usuario o de su equipo y, dependiendo de la informaci\u00f3n que contengan y de la forma que utilice su equipo, pueden utilizarse para reconocer al usuario. Solamente el equipo que la instal\u00f3 podr\u00e1 leer su contenido, que, por otra parte, ser\u00e1 an\u00f3nimo.<\/p>\n<p>Aunque se instalen en tu disco duro, al ser s\u00f3lo texto o n\u00fameros, no son capaces por s\u00ed mismas de acceder a informaci\u00f3n personal de tu ordenador, ni de trasmitir virus, tan solo rastrean la navegaci\u00f3n sobre un sitio web.<\/p>\n<p>&nbsp;<\/p>\n<h3>\u00bfPara qu\u00e9 utiliza las cookies esta p\u00e1gina web y cu\u00e1les son?<\/h3>\n<p>Esta p\u00e1gina web utiliza las cookies para una serie de finalidades, incluidas:<\/p>\n<ul>\n<li><strong>An\u00e1lisis<\/strong>: son aquellas cookies que bien, tratadas por nosotros o por terceros, nos permiten cuantificar el n\u00famero de usuarios y as\u00ed realizar la medici\u00f3n y an\u00e1lisis estad\u00edstico de la utilizaci\u00f3n que hacen los usuarios del servicio. Para ello se analiza su navegaci\u00f3n en nuestra p\u00e1gina web con el fin de mejorar la experiencia del usuario.<\/li>\n<li><strong>Publicitarias comportamentales:<span>\u00a0<\/span><\/strong>son aquellas que, tratadas por nosotros o por terceros, permiten analizar sus h\u00e1bitos de navegaci\u00f3n en Internet para mostrarle publicidad relacionada con su perfil de navegaci\u00f3n.<\/li>\n<\/ul>\n<p>&nbsp;<\/p>\n<p><strong>\u00bfQui\u00e9n utiliza las cookies en esta p\u00e1gina web?<\/strong><\/p>\n<p>La identificaci\u00f3n de qui\u00e9n utiliza las cookies, el tipo de cookies utilizadas y dem\u00e1s detalles, se indica a continuaci\u00f3n:<\/p>\n<p>&nbsp;<\/p>\n<table height=\"609\">\n<tbody>\n<tr>\n<td style=\"width: 88.1597px;\"><span>_ga_<\/span><\/td>\n<td style=\"width: 292.656px;\">Google Analytics configura esta cookie para almacenar y contar las visitas a la p\u00e1gina.<\/td>\n<td style=\"width: 59.0451px;\">De terceros<\/td>\n<\/tr>\n<tr>\n<td style=\"width: 88.1597px;\"><span>_ga<\/span><\/td>\n<td style=\"width: 292.656px;\"><span>Google Analytics establece esta cookie para calcular los datos de los visitantes, de las sesiones y de las campa\u00f1as y para hacer un seguimiento del uso del sitio para el informe de an\u00e1lisis del sitio. La cookie almacena la informaci\u00f3n de forma an\u00f3nima y asigna un n\u00famero generado aleatoriamente para reconocer a los visitantes \u00fanicos.<\/span><\/td>\n<td style=\"width: 59.0451px;\">De terceros<\/td>\n<\/tr>\n<tr>\n<td style=\"width: 88.1597px;\"><span>CookieYes<\/span><\/td>\n<td style=\"width: 292.656px;\"><span>cookieyes-consent: para recordar las preferencias de consentimiento de los usuarios, para que sus preferencias sean respetadas en sus visitas posteriores a este sitio. No recopila ni almacena ninguna informaci\u00f3n personal de los visitantes del sitio.<\/span><\/td>\n<td style=\"width: 59.0451px;\">De terceros<\/td>\n<\/tr>\n<\/tbody>\n<\/table>\n<p>Nota: Las cookies de tipo \u201cPropias\u201d son utilizadas s\u00f3lo por el propietario de esta web y las cookies \u201cDe terceros\u201d son utilizadas, tambi\u00e9n, por el prestador del servicio que est\u00e1 detallado en el cuadro anterior.<\/p>\n<p>Puede informarse de las transferencias a terceros pa\u00edses que, en su caso, realizan los terceros identificados en esta pol\u00edtica de cookies en sus correspondientes pol\u00edticas.<\/p>\n<p>&nbsp;<\/p>\n<p><strong>\u00bfC\u00f3mo puedo desactivar o eliminar estas cookies?<\/strong><\/p>\n<p>Puede usted permitir o bloquear las cookies, as\u00ed como borrar sus datos de navegaci\u00f3n (incluidas las cookies) desde el navegador que usted utiliza. Consulte las opciones e instrucciones que ofrece su navegador para ello. Tenga en cuenta que, si acepta las cookies de terceros, deber\u00e1 eliminarlas desde las opciones del navegador.<\/p>\n<p>A continuaci\u00f3n, tiene disponibles los enlaces con la informaci\u00f3n para gestionar las cookies de los navegadores m\u00e1s utilizados.<\/p>\n<ul>\n<li><strong>Firefox<\/strong>:<span>\u00a0<\/span><a href=\"http:\/\/support.mozilla.org\/es\/kb\/habilitar-y-deshabilitar-cookies-que-los-sitios-we\">http:\/\/support.mozilla.org\/es\/kb\/habilitar-y-deshabilitar-cookies-que-los-sitios-we<\/a><\/li>\n<li><strong>Chrome<\/strong>:<span>\u00a0<\/span><a href=\"http:\/\/support.google.com\/chrome\/bin\/answer.py?hl=es&amp;answer=95647\">http:\/\/support.google.com\/chrome\/bin\/answer.py?hl=es&amp;answer=95647<\/a><\/li>\n<li><strong>Explorer<\/strong>:<span>\u00a0<\/span><a href=\"https:\/\/support.microsoft.com\/es-es\/help\/278835\/how-t%20o-delete-cookie-files-in-internet-explorer\">https:\/\/support.microsoft.com\/es-es\/help\/278835\/how-t o-delete-cookie-files-in-internet-explorer<\/a><\/li>\n<li><strong>Safari<\/strong>:<span>\u00a0<\/span><a href=\"http:\/\/support.apple.com\/kb\/ph5042\">http:\/\/support.apple.com\/kb\/ph5042<\/a><\/li>\n<li><strong>Microsoft Edge:<\/strong><span>\u00a0<\/span><a href=\"https:\/\/support.microsoft.com\/es-es\/help\/4027947\/microsoft-edge-delete-cookies\">https:\/\/support.microsoft.com\/es-es\/help\/4027947\/microsoft-edge-delete-cookies<\/a><\/li>\n<li><strong>Opera<\/strong>:<span>\u00a0<\/span><a href=\"http:\/\/help.opera.com\/Windows\/11.50\/es-ES\/cookies.html\">http:\/\/help.opera.com\/Windows\/11.50\/es-ES\/cookies.html<\/a><\/li>\n<li><strong>Otros navegadores<\/strong>: consulte la documentaci\u00f3n del navegador que tenga instalado.<\/li>\n<\/ul>\n<p><strong>Complemento de inhabilitaci\u00f3n para navegadores de Google Analytics<\/strong><\/p>\n<p>Si desea rechazar las cookies anal\u00edticas de Google Analytics en todos los navegadores, de forma que no se env\u00ede informaci\u00f3n suya a Google Analytics, puede descargar un complemento que realiza esta funci\u00f3n desde este enlace:<span>\u00a0<\/span><a href=\"https:\/\/tools.google.com\/dlpage\/gaoptout\">https:\/\/tools.google.com\/dlpage\/gaoptout<\/a>.<\/p>\n<p><strong>Ejercicio de derechos<\/strong><\/p>\n<p>Puede conocer y ejercer sus derechos en materia de protecci\u00f3n de datos accediendo a nuestra<span>\u00a0<\/span><a href=\"https:\/\/gespromar.com\/index.php\/politica-de-privacidad\/\"><u>Pol\u00edtica de Privacidad<\/u><\/a>.<\/p>\n<p><strong>ACTUALIZACIONES Y CAMBIOS EN LA POL\u00cdTICA DE PRIVACIDAD<\/strong><\/p>\n<p>El propietario de este sitio web puede modificar esta Pol\u00edtica de Cookies en funci\u00f3n de exigencias legislativas, reglamentarias, o con la finalidad de adaptar dicha pol\u00edtica a las instrucciones dictadas por la Agencia Espa\u00f1ola de Protecci\u00f3n de Datos, por ello se aconseja a los Usuarios que la visiten peri\u00f3dicamente.<\/p>\n<p>[\/et_pb_text][\/et_pb_column][\/et_pb_row][\/et_pb_section]<\/p>\n","protected":false},"excerpt":{"rendered":"<p>Pol\u00edtica de Cookies &nbsp; Le informamos que esta p\u00e1gina web utiliza cookies para analizar la navegaci\u00f3n de usuarios. Estos archivos se instalan en el equipo desde el que accedes a este sitio web con las finalidades que se describen en esta p\u00e1gina. &nbsp; \u00bfQu\u00e9 son las cookies? Una cookie es un fichero que se descarga [&hellip;]<\/p>\n","protected":false},"author":12,"featured_media":0,"parent":0,"menu_order":0,"comment_status":"closed","ping_status":"closed","template":"","meta":{"_acf_changed":false,"_et_pb_use_builder":"on","_et_pb_old_content":"","_et_gb_content_width":"","footnotes":""},"class_list":["post-7353","page","type-page","status-publish","hentry"],"acf":[],"_links":{"self":[{"href":"https:\/\/gespromar.com\/index.php\/wp-json\/wp\/v2\/pages\/7353","targetHints":{"allow":["GET"]}}],"collection":[{"href":"https:\/\/gespromar.com\/index.php\/wp-json\/wp\/v2\/pages"}],"about":[{"href":"https:\/\/gespromar.com\/index.php\/wp-json\/wp\/v2\/types\/page"}],"author":[{"embeddable":true,"href":"https:\/\/gespromar.com\/index.php\/wp-json\/wp\/v2\/users\/12"}],"replies":[{"embeddable":true,"href":"https:\/\/gespromar.com\/index.php\/wp-json\/wp\/v2\/comments?post=7353"}],"version-history":[{"count":4,"href":"https:\/\/gespromar.com\/index.php\/wp-json\/wp\/v2\/pages\/7353\/revisions"}],"predecessor-version":[{"id":7359,"href":"https:\/\/gespromar.com\/index.php\/wp-json\/wp\/v2\/pages\/7353\/revisions\/7359"}],"wp:attachment":[{"href":"https:\/\/gespromar.com\/index.php\/wp-json\/wp\/v2\/media?parent=7353"}],"curies":[{"name":"wp","href":"https:\/\/api.w.org\/{rel}","templated":true}]}}