{"id":559,"date":"2019-04-03T13:18:22","date_gmt":"2019-04-03T11:18:22","guid":{"rendered":"http:\/\/hacemostuweb-prueba-xy.net\/?page_id=559"},"modified":"2024-02-23T13:15:42","modified_gmt":"2024-02-23T12:15:42","slug":"aviso-legal","status":"publish","type":"page","link":"https:\/\/gespromar.com\/index.php\/aviso-legal\/","title":{"rendered":"Aviso legal"},"content":{"rendered":"<p>[et_pb_section fb_built=\u00bb1&#8243; theme_builder_area=\u00bbpost_content\u00bb _builder_version=\u00bb4.24.2&#8243; _module_preset=\u00bbdefault\u00bb][et_pb_row _builder_version=\u00bb4.24.2&#8243; _module_preset=\u00bbdefault\u00bb theme_builder_area=\u00bbpost_content\u00bb][et_pb_column _builder_version=\u00bb4.24.2&#8243; _module_preset=\u00bbdefault\u00bb type=\u00bb4_4&#8243; theme_builder_area=\u00bbpost_content\u00bb][et_pb_text _builder_version=\u00bb4.24.2&#8243; _module_preset=\u00bbdefault\u00bb theme_builder_area=\u00bbpost_content\u00bb hover_enabled=\u00bb0&#8243; sticky_enabled=\u00bb0&#8243;]<\/p>\n<h1>Aviso legal<\/h1>\n<p>&nbsp;<\/p>\n<p><strong>1. IDENTIFICACI\u00d3N<\/strong><br \/>Proyectos y Marketing Inmobiliario, en cumplimiento de la Ley 34\/2002, de 11 de julio, de Servicios de la Sociedad de la Informaci\u00f3n y de Comercio Electr\u00f3nico, le informa de que:<\/p>\n<ul>\n<li>Su denominaci\u00f3n social es: Proyectos y Marketing Inmobiliario<\/li>\n<li>Su nombre comercial es: Gespromar<\/li>\n<li>Su CIF es: B86738085<\/li>\n<li>Su domicilio social est\u00e1 en: C. Higeras 5 BJ, 28011 Madrid<\/li>\n<\/ul>\n<p>&nbsp;<\/p>\n<p><strong>2. COMUNICACIONES<\/strong><br \/>Para comunicarse con nosotros, ponemos a su disposici\u00f3n diferentes medios de contacto que detallamos a continuaci\u00f3n:<\/p>\n<ul>\n<li>Tfno.: 91 129 46 56<\/li>\n<li>Email: info@gespromar.com<\/li>\n<li>Direcci\u00f3n postal: C. Higeras 5 BJ, 28011 Madrid<br \/>Todas las notificaciones y comunicaciones entre los usuarios y Proyectos y Marketing inmobiliario se considerar\u00e1n eficaces, a todos los efectos, cuando se realicen a trav\u00e9s de cualquier medio de los detallados anteriormente.<\/li>\n<\/ul>\n<p>&nbsp;<\/p>\n<p><strong>3. OBJETO<\/strong><br \/>El presente aviso legal regula el uso y utilizaci\u00f3n del sitio web www.gespromar.com, del que es titular Proyectos y Marketing Inmobiliario (en adelante, EL PROPIETARIO DE LA WEB). La navegaci\u00f3n por el sitio web de EL PROPIETARIO DE LA WEB le atribuye la condici\u00f3n de USUARIO del mismo y conlleva su aceptaci\u00f3n plena y sin reservas de todas y cada una de las condiciones publicadas en este aviso legal, advirtiendo de que dichas condiciones podr\u00e1n ser modificadas sin notificaci\u00f3n previa por parte de EL PROPIETARIO DE LA WEB, en cuyo caso se proceder\u00e1 a su publicaci\u00f3n y aviso con la m\u00e1xima antelaci\u00f3n posible.<\/p>\n<p>Por ello es recomendable leer atentamente su contenido en caso de desear acceder y hacer uso de la informaci\u00f3n y de los servicios ofrecidos desde este sitio web.<br \/>El usuario, adem\u00e1s, se obliga a hacer un uso correcto del sitio web de conformidad con las leyes, la buena fe, el orden p\u00fablico, los usos del tr\u00e1fico y el presente Aviso Legal, y responder\u00e1 frente a EL PROPIETARIO DE LA WEB o frente a terceros, de cualesquiera da\u00f1os y perjuicios que pudieran causarse como consecuencia del incumplimiento de dicha obligaci\u00f3n. Cualquier utilizaci\u00f3n distinta a la autorizada est\u00e1 expresamente prohibida, pudiendo EL PROPIETARIO DE LA WEB denegar o retirar el acceso y su uso en cualquier momento.<\/p>\n<p>&nbsp;<\/p>\n<p><strong>4. CONDICIONES DE ACCESO Y UTILIZACI\u00d3N DE LA WEB<\/strong><br \/>El sitio web y sus servicios son de acceso libre y gratuito. No obstante, EL PROPIETARIO DE LA WEB puede condicionar la utilizaci\u00f3n de algunos de los servicios ofrecidos en su web a la previa cumplimentaci\u00f3n del correspondiente formulario. El usuario garantiza la autenticidad y actualidad de todos aquellos datos que comunique a EL<br \/>PROPIETARIO DE LA WEB y ser\u00e1 el \u00fanico responsable de las manifestaciones falsas o inexactas que realice. El usuario se compromete expresamente a hacer un uso adecuado de los contenidos y servicios de EL PROPIETARIO DE LA WEB y a no emplearlos para, entre otros:<\/p>\n<p>a) Difundir contenidos delictivos, violentos, pornogr\u00e1ficos, racistas, xen\u00f3fobos, ofensivos, de apolog\u00eda del terrorismo o, en general, contrarios a la ley o al orden p\u00fablico.<br \/>b) Introducir en la red virus inform\u00e1ticos o realizar actuaciones susceptibles de alterar, estropear, interrumpir o generar errores o da\u00f1os en los documentos electr\u00f3nicos,<br \/>datos o sistemas f\u00edsicos y l\u00f3gicos de EL PROPIETARIO DE LA WEB o de terceras personas; as\u00ed como obstaculizar el acceso de otros usuarios al sitio web y a sus<br \/>servicios mediante el consumo masivo de los recursos inform\u00e1ticos a trav\u00e9s de los cuales EL PROPIETARIO DE LA WEB presta sus servicios.<br \/>c) Intentar acceder a las cuentas de correo electr\u00f3nico de otros usuarios o a \u00e1reas restringidas de los sistemas inform\u00e1ticos de EL PROPIETARIO DE LA WEB o de<br \/>terceros y, en su caso, extraer informaci\u00f3n.<\/p>\n<p>d) Vulnerar los derechos de propiedad intelectual o industrial, as\u00ed como violar la confidencialidad de la informaci\u00f3n de EL PROPIETARIO DE LA WEB o de<br \/>terceros.<br \/>e) Suplantar la identidad de cualquier otro usuario.<br \/>f) Reproducir, copiar, distribuir, poner a disposici\u00f3n de, o cualquier otra forma de comunicaci\u00f3n p\u00fablica, transformar o modificar los contenidos, a menos que se cuente con la autorizaci\u00f3n del titular de los correspondientes derechos o ello resulte legalmente permitido.<br \/>g) Recabar datos con finalidad publicitaria y de remitir publicidad de cualquier clase y comunicaciones con fines de venta u otras de naturaleza comercial sin que medie su previa solicitud o consentimiento. Todos los contenidos del sitio web, como textos, fotograf\u00edas, gr\u00e1ficos, im\u00e1genes, iconos, tecnolog\u00eda, software, as\u00ed como su dise\u00f1o gr\u00e1fico y c\u00f3digos fuente, constituyen una obra cuya propiedad pertenece a EL PROPIETARIO DE LA WEB, sin que puedan entenderse cedidos al usuario ninguno de los derechos de explotaci\u00f3n sobre los mismos m\u00e1s all\u00e1 de lo estrictamente necesario para el correcto uso de la web.<\/p>\n<p>En definitiva, los usuarios que accedan a este sitio web pueden visualizar los contenidos y efectuar, en su caso, copias privadas autorizadas siempre que los elementos reproducidos no sean cedidos posteriormente a terceros, ni se instalen a servidores conectados a redes, ni sean objeto de ning\u00fan tipo de explotaci\u00f3n. Asimismo, todas las marcas, nombres comerciales o signos distintivos de cualquier clase que aparecen en el sitio web son propiedad de EL PROPIETARIO DE LA WEB, sin que pueda<br \/>entenderse que el uso o acceso al mismo atribuya al usuario derecho alguno sobre losmismos.<\/p>\n<p>La distribuci\u00f3n, modificaci\u00f3n, cesi\u00f3n o comunicaci\u00f3n p\u00fablica de los contenidos y cualquier otro acto que no haya sido expresamente autorizado por el titular de los derechos de explotaci\u00f3n quedan prohibidos. El establecimiento de un hiperenlace no implica en ning\u00fan caso la existencia de relaciones entre EL PROPIETARIO DE LA WEB y el propietario del sitio web en la que se establezca, ni la aceptaci\u00f3n y aprobaci\u00f3n por parte de EL PROPIETARIO DE LA WEB de sus contenidos o servicios.<\/p>\n<p>EL PROPIETARIO DE LA WEB no se responsabiliza del uso que cada usuario les d\u00e9 a los materiales puestos a disposici\u00f3n en este sitio web ni de las actuaciones que realice en base a los mismos.<\/p>\n<p>&nbsp;<\/p>\n<p><strong>5. RESPONSABILIDAD<\/strong><br \/>El prestador se exime de cualquier tipo de responsabilidad derivada de la informaci\u00f3n publicada en su sitio web, siempre que esta informaci\u00f3n haya sido manipulada o introducida por un tercero ajeno al mismo. En el caso de que cualquier usuario o un tercero considere que existen hechos o circunstancias que revelen el car\u00e1cter il\u00edcito de la utilizaci\u00f3n de cualquier contenido y\/o de la realizaci\u00f3n de cualquier actividad en las p\u00e1ginas web incluidas o accesibles a trav\u00e9s del sitio web, deber\u00e1 enviar una notificaci\u00f3n al prestador identific\u00e1ndose debidamente y especificando las supuestas infracciones.<\/p>\n<p>&nbsp;<\/p>\n<p><strong>6. EXCLUSI\u00d3N DE GARANT\u00cdAS Y DE RESPONSABILIDAD EN EL ACCESO Y LA UTILIZACI\u00d3N<\/strong><br \/>El contenido del presente sitio web es de car\u00e1cter general y tiene una finalidad meramente informativa, sin que se garantice plenamente el acceso a todos los contenidos, ni su exhaustividad, correcci\u00f3n, vigencia o actualidad, ni su idoneidad o utilidad para un objetivo espec\u00edfico.<\/p>\n<p>EL PROPIETARIO DE LA WEB excluye, hasta donde permite el ordenamiento jur\u00eddico, cualquier responsabilidad por los da\u00f1os y perjuicios de toda naturaleza derivados de:<br \/>a) La imposibilidad de acceso al sitio web o la falta de veracidad, exactitud, exhaustividad y\/o actualidad de los contenidos, as\u00ed como la existencia de vicios y defectos de toda clase de los contenidos transmitidos, difundidos, almacenados, puestos a disposici\u00f3n, a los que se haya accedido a trav\u00e9s del sitio web o de los servicios que se ofrecen.<br \/>b) La presencia de virus o de otros elementos en los contenidos que puedan producir alteraciones en los sistemas inform\u00e1ticos, documentos electr\u00f3nicos o datos de los usuarios.<br \/>c) El incumplimiento de las leyes, la buena fe, el orden p\u00fablico, los usos del tr\u00e1fico y el presente aviso legal como consecuencia del uso incorrecto del sitio web. En particular, y a modo ejemplificativo, EL PROPIETARIO DE LA WEB no se hace responsable de las actuaciones de terceros que vulneren derechos de propiedad intelectual e industrial, secretos empresariales, derechos al honor, a la intimidad personal y familiar y a la propia imagen, as\u00ed como la normativa en materia de competencia desleal y publicidad il\u00edcita.<\/p>\n<p>Asimismo, EL PROPIETARIO DE LA WEB declina cualquier responsabilidad respecto a la informaci\u00f3n que se halle fuera de esta web y no sea gestionada directamente por nuestro webmaster. La funci\u00f3n de los links que aparecen en esta web es exclusivamente la de informar al usuario sobre la existencia de otras fuentes susceptibles de ampliar los contenidos que ofrece este sitio web. EL PROPIETARIO DE LA WEB no garantiza ni se responsabiliza del funcionamiento o accesibilidad de los sitios enlazados; ni sugiere, invita o recomienda la visita a los mismos, por lo que tampoco ser\u00e1 responsable del resultado obtenido. EL PROPIETARIO DE LA WEB no se responsabiliza del establecimiento de hiperv\u00ednculos por parte de terceros.<\/p>\n<p>&nbsp;<\/p>\n<p><strong>7. PROCEDIMIENTO EN CASO DE REALIZACI\u00d3N DE ACTIVIDADES DE CAR\u00c1CTER IL\u00cdCITO<\/strong><br \/>En el caso de que cualquier usuario o un tercero considere que existen hechos o circunstancias que revelen el car\u00e1cter il\u00edcito de la utilizaci\u00f3n de cualquier contenido y\/o de la realizaci\u00f3n de cualquier actividad en las p\u00e1ginas web incluidas o accesibles a trav\u00e9s del sitio web, deber\u00e1 enviar una notificaci\u00f3n a EL PROPIETARIO DE LA WEB identific\u00e1ndose debidamente y especificando las supuestas infracciones.<\/p>\n<p>&nbsp;<\/p>\n<p><strong>8. PUBLICACIONES<\/strong><br \/>La informaci\u00f3n administrativa facilitada a trav\u00e9s del sitio web no sustituye la publicidad legal de las leyes, normativas, planes, disposiciones generales y actos que tengan que ser publicados formalmente a los diarios oficiales de las administraciones p\u00fablicas, que constituyen el \u00fanico instrumento que da fe de su autenticidad y contenido. La informaci\u00f3n disponible en este sitio web debe entenderse como una gu\u00eda sin prop\u00f3sito de validez legal.<\/p>\n<p>&nbsp;<\/p>\n<p><strong>9. POLITICAS DE ENLACES<\/strong><br \/>Desde el sitio web, es posible que se redirija a contenidos de terceros sitios web. Dado que el prestador no puede controlar siempre los contenidos introducidos por los terceros en sus sitios web, no implica en ning\u00fan caso la existencia de relaci\u00f3n entre el prestador y el propietario del sitio web en la que se establezca, ni aceptaci\u00f3n o aprobaci\u00f3n de sus contenidos o servicios. Desde esta web, no asume ning\u00fan tipo de responsabilidad respecto a dichos contenidos. En todo caso, el prestador manifiesta que proceder\u00e1 a la retirada inmediata de cualquier contenido que pudiera contravenir la legislaci\u00f3n nacional o internacional, la moral o el orden p\u00fablico, procediendo a la retirada inmediata de la redirecci\u00f3n a dicho sitio web, poniendo en conocimiento de las autoridades competentes el contenido en cuesti\u00f3n.<\/p>\n<p>&nbsp;<\/p>\n<p><strong>10. PROPIEDAD INTELECTUAL<\/strong><br \/>El sitio web, incluyendo dise\u00f1os, logotipos, texto y\/o gr\u00e1ficos que son propiedad del prestador o en su caso dispone de licencia o autorizaci\u00f3n expresa por parte de los autores. Todos los contenidos del sitio web se encuentran debidamente protegidos por la normativa de propiedad intelectual e industrial, as\u00ed como inscritos en los registros p\u00fablicos correspondientes.<\/p>\n<p>Los dise\u00f1os, logotipos, texto y\/o gr\u00e1ficos ajenos al prestador y que pudieran aparecer en el sitio web, pertenecen a sus respectivos propietarios, siendo ellos mismos responsables de cualquier posible controversia que pudiera suscitarse respecto a los mismos. En todo caso, el prestador cuenta con la autorizaci\u00f3n expresa y previa por parte de los mismos.<\/p>\n<p>&nbsp;<\/p>\n<p><strong>11. MENORES DE EDAD (14 A\u00d1OS)<\/strong><br \/>ATENCI\u00d3N: Para la utilizaci\u00f3n de los servicios que ofrece el sitio web, los menores de 14 a\u00f1os, deber\u00e1n, previamente, haber obtenido autorizaci\u00f3n de sus padres, tutores o<br \/>representantes legales, puesto que \u00e9stos deber\u00e1n responder por los actos realizados por los menores que se encuentren a su cargo, correspondi\u00e9ndoles toda la responsabilidad a la hora de determinar los contenidos y servicios a los que puedan tener acceso. Esta autorizaci\u00f3n, podr\u00e1n realizarla a trav\u00e9s del correo electr\u00f3nico: info@gespromar.com<\/p>\n<p>&nbsp;<\/p>\n<p><strong>12. LEY APLICABLE Y JURISDICCION<\/strong><br \/>Para la resoluci\u00f3n de todas las controversias o cuestiones relacionadas con el presente sitio web o de las actividades en \u00e9l desarrolladas, ser\u00e1 de aplicaci\u00f3n la legislaci\u00f3n espa\u00f1ola, a la que se someten expresamente las partes, siendo competentes para la resoluci\u00f3n de todos los conflictos derivados o relacionados con su uso los Juzgados y Tribunales de la provincia del titular de la web. Las condiciones presentes se regir\u00e1n por la legislaci\u00f3n espa\u00f1ola vigente.\u00a0La lengua utilizada ser\u00e1 el castellano.<\/p>\n<p>[\/et_pb_text][\/et_pb_column][\/et_pb_row][\/et_pb_section]<\/p>\n","protected":false},"excerpt":{"rendered":"<p>Aviso legal &nbsp; 1. IDENTIFICACI\u00d3NProyectos y Marketing Inmobiliario, en cumplimiento de la Ley 34\/2002, de 11 de julio, de Servicios de la Sociedad de la Informaci\u00f3n y de Comercio Electr\u00f3nico, le informa de que: Su denominaci\u00f3n social es: Proyectos y Marketing Inmobiliario Su nombre comercial es: Gespromar Su CIF es: B86738085 Su domicilio social est\u00e1 [&hellip;]<\/p>\n","protected":false},"author":10,"featured_media":0,"parent":0,"menu_order":0,"comment_status":"closed","ping_status":"closed","template":"","meta":{"_acf_changed":false,"_et_pb_use_builder":"on","_et_pb_old_content":"<p>[vc_row][vc_column][vc_column_text]<\/p>\n<h1 style=\"padding-top:4%;\">Aviso legal<\/h1>\n<p>En cumplimiento del art\u00edculo 10 de la Ley 34\/2002, del 11 de julio, de servicios de la Sociedad de la Informaci\u00f3n y Comercio Electr\u00f3nico (LSSICE) se exponen a continuaci\u00f3n los datos identificativos de la empresa.<\/p>\n<p>Denominaci\u00f3n social: Gesti\u00f3n de Servicios Gespromar S.L.<br \/>Domicilio social: C\/Higueras 5, 28011 Madrid<br \/>Correo electr\u00f3nico: info@gespromar.com<br \/>Tel\u00e9fono:\u00a0911-294-656<\/p>\n<h2>1. Finalidad<\/h2>\n<\/p>\n<p>Mediante la presente, Gesti\u00f3n de Servicios Gespromar S.L. quiere comunicar a los usuarios de su sitio web la pol\u00edtica de protecci\u00f3n de datos de car\u00e1cter personal llevada a cabo en cumplimiento de lo dispuesto en la Ley Org\u00e1nica 15\/1999, de 13 de diciembre, de Protecci\u00f3n de Datos de Car\u00e1cter Personal (en adelante LOPD).<\/p>\n<h2>2. Tratamiento de datos de car\u00e1cter personal<\/h2>\n<h2>2.1. Informaci\u00f3n al usuario<\/h2>\n<p>El destinatario de dichos datos ser\u00e1 Gesti\u00f3n de Servicios Gespromar S.L., propietario y responsables del fichero en el que se almacenar\u00e1n los mismos, cuya identidad se proporciona de forma expresa en el formulario empleado para la recolecci\u00f3n de la informaci\u00f3n enviada.<br \/>Gesti\u00f3n de Servicios Gespromar S.L., bien sea a trav\u00e9s de los formularios o bien sea a trav\u00e9s de comunicaciones por e-mail, recoge y trata los datos de car\u00e1cter personal con las finalidades indicadas a continuaci\u00f3n:<br \/>a) La tramitaci\u00f3n y gesti\u00f3n de la solicitud de informaci\u00f3n, precontrato o contrato realizada por el usuario a trav\u00e9s de este sitio, tel\u00e9fono o del correo electr\u00f3nico.<br \/>b) La gesti\u00f3n y control de los servicios ofertados ofrecidos a trav\u00e9s de la p\u00e1gina Web.<br \/>c) El env\u00edo de informaci\u00f3n sobre servicios y productos de, cuya contrataci\u00f3n pudiera ser del inter\u00e9s del usuario.<br \/>Los datos considerados como obligatorios, identificados al efecto, ser\u00e1n los estrictamente necesarios para las finalidades indicadas en los apartados a) y b) arriba citados, seg\u00fan correspondan, en cada caso, al servicio o relaci\u00f3n solicitada por el usuario.<\/p>\n<h2>2.2. Consentimiento del usuario<\/h2>\n<p>Con la confirmaci\u00f3n de env\u00edo de los datos de car\u00e1cter personal, el usuario consiente expresamente el tratamiento de \u00e9stos por parte de Gesti\u00f3n de Servicios Gespromar S.L. al cual solicita el servicio o relaci\u00f3n para la que se recaban los mismos.<br \/>Asimismo, el usuario consiente que los datos puedan ser cedidos, exclusivamente para los fines indicados en el punto 2.1. a otros profesionales colaboradores cuya contrataci\u00f3n sea necesaria a fin de tender el encargo judicial o extrajudicial encomendado.<\/p>\n<h2>2.3. Recogida y calidad de los datos<\/h2>\n<p>El cliente se compromete a informar previamente, a las personas de las cuales facilita los datos personales, del contenido de la presente pol\u00edtica de protecci\u00f3n de datos de car\u00e1cter personal, facilitando a los mismos, si fuera necesario, copia impresa de la misma.<br \/>Cuando los datos de car\u00e1cter personal se refieran a un menor de edad y sean proporcionados por el mismo, Gesti\u00f3n de Servicios Gespromar S.L. presupondr\u00e1 que el mismo cuenta con el consentimiento de sus tutores legales con anterioridad a la inclusi\u00f3n de los datos en los formularios habilitados. Gesti\u00f3n de Servicios Gespromar S.L. estar\u00e1 exento de cualquier responsabilidad por el incumplimiento de este requisito.<br \/>En cumplimiento del principio de calidad de los datos personales, expresado en el art\u00edculo 4 de la LOPD, el usuario se compromete a facilitar datos verdaderos, exactos, completos y actualizados, de forma que respondan con veracidad a la situaci\u00f3n de \u00e9ste.<br \/>Cuando los datos facilitados por el cliente sean falsos, incompletos, no actualizados o inexactos, \u00e9ste ser\u00e1 responsable de cualquier perjuicio, directo o indirecto, material o inmaterial, que por causa de ello se pudiera ocasionar.<\/p>\n<h2>2.4. Derechos del usuario (acceso, rectificaci\u00f3n, cancelaci\u00f3n y oposici\u00f3n)<\/h2>\n<p>Gesti\u00f3n de Servicios Gespromar S.L. informa al usuario y\/o al afectado de los datos, que puede ejercitar los derechos de Acceso, Rectificaci\u00f3n, Cancelaci\u00f3n y Oposici\u00f3n que le reconoce la LOPD, de forma gratuita y en los t\u00e9rminos establecidos por la legislaci\u00f3n vigente al efecto, dirigi\u00e9ndose al Responsable del fichero a quien ha facilitado los datos. Para ello puede ponerse en contacto con el mismo mediante escrito a la direcci\u00f3n siguiente: Gesti\u00f3n de Servicios Gespromar S.L. C\/ Higueras, 5 (CP 28011) Madrid, Espa\u00f1a.<\/p>\n<h2>2.5. Responsables de los ficheros<\/h2>\n<p>El Responsable de los ficheros se compromete a tratar los datos de car\u00e1cter personal proporcionados por el cliente con total confidencialidad y respetando las medidas t\u00e9cnicas y organizativas requeridas por la LOPD y por el Real Decreto 1720\/2007, de 21 de diciembre, por el que se aprueba el Reglamento de Desarrollo de la Ley Org\u00e1nica 15\/1999, de 13 de diciembre, de protecci\u00f3n de datos de car\u00e1cter personal.<br \/>Con el mismo \u00e1nimo, y en su calidad de propietaria y responsable de los ficheros, Gesti\u00f3n de Servicios Gespromar S.L., en cumplimiento del art\u00edculo 26 de la mencionada ley y conforme a las directrices del Registro General de Datos Personales (R.G.P.D) de la Agencia de Protecci\u00f3n de Datos, han inscrito en este \u00faltimo el fichero correspondiente, contando con el correspondiente c\u00f3digo de inscripci\u00f3n asignado por dicho organismo.<\/p>\n<p>[\/vc_column_text][\/vc_column][\/vc_row]<\/p>\n","_et_gb_content_width":"","footnotes":""},"class_list":["post-559","page","type-page","status-publish","hentry"],"acf":[],"_links":{"self":[{"href":"https:\/\/gespromar.com\/index.php\/wp-json\/wp\/v2\/pages\/559","targetHints":{"allow":["GET"]}}],"collection":[{"href":"https:\/\/gespromar.com\/index.php\/wp-json\/wp\/v2\/pages"}],"about":[{"href":"https:\/\/gespromar.com\/index.php\/wp-json\/wp\/v2\/types\/page"}],"author":[{"embeddable":true,"href":"https:\/\/gespromar.com\/index.php\/wp-json\/wp\/v2\/users\/10"}],"replies":[{"embeddable":true,"href":"https:\/\/gespromar.com\/index.php\/wp-json\/wp\/v2\/comments?post=559"}],"version-history":[{"count":4,"href":"https:\/\/gespromar.com\/index.php\/wp-json\/wp\/v2\/pages\/559\/revisions"}],"predecessor-version":[{"id":7352,"href":"https:\/\/gespromar.com\/index.php\/wp-json\/wp\/v2\/pages\/559\/revisions\/7352"}],"wp:attachment":[{"href":"https:\/\/gespromar.com\/index.php\/wp-json\/wp\/v2\/media?parent=559"}],"curies":[{"name":"wp","href":"https:\/\/api.w.org\/{rel}","templated":true}]}}