{"id":35,"date":"2019-03-21T12:06:33","date_gmt":"2019-03-21T11:06:33","guid":{"rendered":"http:\/\/hacemostuweb-prueba-xy.net\/?page_id=35"},"modified":"2024-02-16T09:29:42","modified_gmt":"2024-02-16T08:29:42","slug":"servicios","status":"publish","type":"page","link":"https:\/\/gespromar.com\/index.php\/servicios\/","title":{"rendered":"Servicios"},"content":{"rendered":"<p>[et_pb_section fb_built=\u00bb1&#8243; admin_label=\u00bbHeader &#038; Contact\u00bb _builder_version=\u00bb4.22.0&#8243; _module_preset=\u00bbdefault\u00bb hover_enabled=\u00bb0&#8243; collapsed=\u00bbon\u00bb global_colors_info=\u00bb{}\u00bb custom_padding=\u00bb||0px|||\u00bb sticky_enabled=\u00bb0&#8243;][et_pb_row _builder_version=\u00bb4.24.0&#8243; _module_preset=\u00bbdefault\u00bb width=\u00bb100%\u00bb max_width=\u00bb100%\u00bb custom_margin=\u00bb-78px|auto||auto||\u00bb hover_enabled=\u00bb0&#8243; global_colors_info=\u00bb{}\u00bb sticky_enabled=\u00bb0&#8243;][et_pb_column type=\u00bb4_4&#8243; _builder_version=\u00bb4.24.0&#8243; _module_preset=\u00bbdefault\u00bb background_image=\u00bbhttps:\/\/gespromar.com\/wp-content\/uploads\/2019\/04\/personal-shopper-gespromar.jpg\u00bb hover_enabled=\u00bb0&#8243; global_colors_info=\u00bb{}\u00bb title_text=\u00bbpersonal shopper gespromar\u00bb sticky_enabled=\u00bb0&#8243;][et_pb_text _builder_version=\u00bb4.24.0&#8243; _module_preset=\u00bbff90a8f6-ed02-4bce-96ce-ec2866342f5b\u00bb header_font=\u00bb|700|||||||\u00bb header_text_color=\u00bb#FFFFFF\u00bb text_orientation=\u00bbcenter\u00bb min_height=\u00bb231px\u00bb custom_padding=\u00bb101px||100px|||\u00bb hover_enabled=\u00bb0&#8243; global_colors_info=\u00bb{}\u00bb sticky_enabled=\u00bb0&#8243;]<\/p>\n<h1>Servicios<\/h1>\n<p>[\/et_pb_text][\/et_pb_column][\/et_pb_row][\/et_pb_section][et_pb_section fb_built=\u00bb1&#8243; admin_label=\u00bbServices\u00bb _builder_version=\u00bb4.16&#8243; _module_preset=\u00bbdefault\u00bb custom_padding=\u00bb||75px|||\u00bb global_colors_info=\u00bb{}\u00bb custom_margin=\u00bb-27px|||||\u00bb][et_pb_row column_structure=\u00bb1_2,1_2&#8243; use_custom_gutter=\u00bbon\u00bb gutter_width=\u00bb4&#8243; make_equal=\u00bbon\u00bb _builder_version=\u00bb4.24.0&#8243; _module_preset=\u00bbdefault\u00bb width=\u00bb54%\u00bb max_width=\u00bb70%\u00bb module_alignment=\u00bbcenter\u00bb custom_margin=\u00bb51px|auto||auto|false|false\u00bb custom_padding=\u00bb||3px|||\u00bb global_colors_info=\u00bb{}\u00bb][et_pb_column type=\u00bb1_2&#8243; _builder_version=\u00bb4.24.0&#8243; _module_preset=\u00bbdefault\u00bb custom_padding=\u00bb||||false|false\u00bb custom_padding_tablet=\u00bb0px||||false|false\u00bb custom_padding_phone=\u00bb0px||||false|false\u00bb custom_padding_last_edited=\u00bbon|phone\u00bb global_colors_info=\u00bb{}\u00bb][et_pb_text _builder_version=\u00bb4.24.0&#8243; _module_preset=\u00bb0c6bc8be-1265-496d-a8dc-bc5e9a9a9edf\u00bb text_line_height=\u00bb2em\u00bb header_font=\u00bb||||||||\u00bb header_3_font=\u00bb|700|||||||\u00bb header_3_text_color=\u00bb#000000&#8243; header_3_font_size=\u00bb40px\u00bb header_3_line_height=\u00bb1.2em\u00bb header_3_font_size_tablet=\u00bb20px\u00bb header_3_font_size_phone=\u00bb16px\u00bb header_3_font_size_last_edited=\u00bbon|phone\u00bb locked=\u00bboff\u00bb global_colors_info=\u00bb{}\u00bb]<\/p>\n<h2 style=\"font-size: 1.8em; line-height: 1em; margin-bottom: 7%;\"><strong>Expertos en el sector inmobiliario<\/strong><\/h2>\n<p>[\/et_pb_text][et_pb_text _builder_version=\u00bb4.24.0&#8243; _module_preset=\u00bb22d0da71-6393-430b-a0cd-b77dd565e85c\u00bb text_font_size=\u00bb16px\u00bb text_line_height=\u00bb1.8em\u00bb custom_margin=\u00bb-25px||52px|||\u00bb text_font_size_tablet=\u00bb15px\u00bb text_font_size_phone=\u00bb14px\u00bb text_font_size_last_edited=\u00bbon|phone\u00bb header_font_size_tablet=\u00bb55px\u00bb header_font_size_last_edited=\u00bboff|desktop\u00bb locked=\u00bboff\u00bb global_colors_info=\u00bb{}\u00bb]<\/p>\n<p>Brindamos apoyo en la compraventa y arrendamiento de inmuebles, tanto de particulares como de promotores y entidades bancarias. Disponemos de un equipo multidisciplinario cuya m\u00e1xima es un trato directo con el cliente para conseguir llevar a cabo las gestiones con la mayor rapidez y eficacia posible.<\/p>\n<p>[\/et_pb_text][et_pb_text _builder_version=\u00bb4.24.0&#8243; _module_preset=\u00bb0c6bc8be-1265-496d-a8dc-bc5e9a9a9edf\u00bb header_font=\u00bb||||||||\u00bb header_3_font=\u00bb|700|||||||\u00bb header_3_text_color=\u00bb#000000&#8243; header_3_font_size=\u00bb40px\u00bb header_3_line_height=\u00bb1.2em\u00bb custom_margin=\u00bb||25px|||\u00bb header_3_font_size_tablet=\u00bb20px\u00bb header_3_font_size_phone=\u00bb16px\u00bb header_3_font_size_last_edited=\u00bbon|phone\u00bb locked=\u00bboff\u00bb global_colors_info=\u00bb{}\u00bb]<\/p>\n<h2 style=\"font-size: 1.8em; line-height: 1em; margin-bottom: 7%;\"><strong>Servicios jur\u00eddicos<\/strong><\/h2>\n<p>[\/et_pb_text][et_pb_text _builder_version=\u00bb4.24.0&#8243; _module_preset=\u00bb22d0da71-6393-430b-a0cd-b77dd565e85c\u00bb text_font_size=\u00bb16px\u00bb text_line_height=\u00bb1.8em\u00bb custom_margin=\u00bb-22px|||||\u00bb text_font_size_tablet=\u00bb15px\u00bb text_font_size_phone=\u00bb14px\u00bb text_font_size_last_edited=\u00bbon|phone\u00bb header_font_size_tablet=\u00bb55px\u00bb header_font_size_last_edited=\u00bboff|desktop\u00bb locked=\u00bboff\u00bb global_colors_info=\u00bb{}\u00bb]<\/p>\n<p style=\"text-align: justify;\">Disponemos de asesoramiento jur\u00eddico para garantizar a nuestros clientes completa seguridad en cualquier \u00e1mbito relacionado con el derecho inmobiliario:<\/p>\n<p style=\"padding-left: 15px; line-height: 2em;\">&#8211; Herencias<br \/>&#8211; Divorcios<br \/>&#8211; Derecho civil y registral<br \/>&#8211; Propiedad horizontal<br \/>&#8211; Derecho hipotecario<\/p>\n<p>[\/et_pb_text][\/et_pb_column][et_pb_column type=\u00bb1_2&#8243; _builder_version=\u00bb4.16&#8243; _module_preset=\u00bbdefault\u00bb global_colors_info=\u00bb{}\u00bb][et_pb_image src=\u00bbhttps:\/\/gespromar.com\/wp-content\/uploads\/2019\/04\/commercial.jpg\u00bb title_text=\u00bbcommercial\u00bb align=\u00bbcenter\u00bb _builder_version=\u00bb4.24.0&#8243; _module_preset=\u00bbdefault\u00bb module_alignment=\u00bbcenter\u00bb custom_padding=\u00bb50px|||||\u00bb global_colors_info=\u00bb{}\u00bb][\/et_pb_image][\/et_pb_column][\/et_pb_row][et_pb_row column_structure=\u00bb1_2,1_2&#8243; use_custom_gutter=\u00bbon\u00bb gutter_width=\u00bb4&#8243; make_equal=\u00bbon\u00bb _builder_version=\u00bb4.24.0&#8243; _module_preset=\u00bbdefault\u00bb width=\u00bb54%\u00bb max_width=\u00bb70%\u00bb module_alignment=\u00bbcenter\u00bb custom_margin=\u00bb51px|auto||auto|false|false\u00bb custom_padding=\u00bb||6px|||\u00bb global_colors_info=\u00bb{}\u00bb][et_pb_column type=\u00bb1_2&#8243; _builder_version=\u00bb4.24.0&#8243; _module_preset=\u00bbdefault\u00bb custom_padding=\u00bb||||false|false\u00bb custom_padding_tablet=\u00bb0px||||false|false\u00bb custom_padding_phone=\u00bb0px||||false|false\u00bb custom_padding_last_edited=\u00bbon|phone\u00bb global_colors_info=\u00bb{}\u00bb][et_pb_image src=\u00bbhttps:\/\/gespromar.com\/wp-content\/uploads\/2019\/04\/gestion-de-alquileres-financiaci\u00f3n.jpg\u00bb title_text=\u00bbgestion de alquileres &#8211; financiaci\u00f3n\u00bb align=\u00bbcenter\u00bb disabled_on=\u00bbon|on|off\u00bb _builder_version=\u00bb4.24.0&#8243; _module_preset=\u00bbdefault\u00bb module_alignment=\u00bbcenter\u00bb global_colors_info=\u00bb{}\u00bb][\/et_pb_image][\/et_pb_column][et_pb_column type=\u00bb1_2&#8243; _builder_version=\u00bb4.16&#8243; _module_preset=\u00bbdefault\u00bb global_colors_info=\u00bb{}\u00bb][et_pb_text _builder_version=\u00bb4.24.0&#8243; _module_preset=\u00bb0c6bc8be-1265-496d-a8dc-bc5e9a9a9edf\u00bb header_font=\u00bb||||||||\u00bb header_3_font=\u00bb|700|||||||\u00bb header_3_text_color=\u00bb#000000&#8243; header_3_font_size=\u00bb40px\u00bb header_3_line_height=\u00bb1.2em\u00bb header_3_font_size_tablet=\u00bb20px\u00bb header_3_font_size_phone=\u00bb16px\u00bb header_3_font_size_last_edited=\u00bbon|phone\u00bb locked=\u00bboff\u00bb global_colors_info=\u00bb{}\u00bb]<\/p>\n<h2 style=\"font-size: 1.8em; line-height: 1em; margin-bottom: 7%;\"><strong>Financiaci\u00f3n<\/strong><\/h2>\n<p>[\/et_pb_text][et_pb_text _builder_version=\u00bb4.24.0&#8243; _module_preset=\u00bb22d0da71-6393-430b-a0cd-b77dd565e85c\u00bb text_font_size=\u00bb16px\u00bb text_line_height=\u00bb1.8em\u00bb custom_margin=\u00bb-29px||52px|||\u00bb text_font_size_tablet=\u00bb15px\u00bb text_font_size_phone=\u00bb14px\u00bb text_font_size_last_edited=\u00bbon|phone\u00bb header_font_size_tablet=\u00bb55px\u00bb header_font_size_last_edited=\u00bboff|desktop\u00bb locked=\u00bboff\u00bb global_colors_info=\u00bb{}\u00bb]<\/p>\n<p>Contamos con un departamento financiero que estudiar\u00e1 tu situaci\u00f3n econ\u00f3mica y que te proporcionar\u00e1 de forma r\u00e1pida y sencilla el cr\u00e9dito necesario para llevar a cabo la compraventa del inmueble.<\/p>\n<p>[\/et_pb_text][et_pb_text _builder_version=\u00bb4.24.0&#8243; _module_preset=\u00bb0c6bc8be-1265-496d-a8dc-bc5e9a9a9edf\u00bb header_font=\u00bb||||||||\u00bb header_3_font=\u00bb|700|||||||\u00bb header_3_text_color=\u00bb#000000&#8243; header_3_font_size=\u00bb40px\u00bb header_3_line_height=\u00bb1.2em\u00bb header_3_font_size_tablet=\u00bb20px\u00bb header_3_font_size_phone=\u00bb16px\u00bb header_3_font_size_last_edited=\u00bbon|phone\u00bb locked=\u00bboff\u00bb global_colors_info=\u00bb{}\u00bb]<\/p>\n<h2 style=\"font-size: 1.8em; line-height: 1em; margin-bottom: 7%;\"><strong>Gesti\u00f3n de alquileres<\/strong><\/h2>\n<p>[\/et_pb_text][et_pb_text _builder_version=\u00bb4.24.0&#8243; _module_preset=\u00bb22d0da71-6393-430b-a0cd-b77dd565e85c\u00bb text_font_size=\u00bb16px\u00bb text_line_height=\u00bb1.8em\u00bb custom_margin=\u00bb-31px|||||\u00bb text_font_size_tablet=\u00bb15px\u00bb text_font_size_phone=\u00bb14px\u00bb text_font_size_last_edited=\u00bbon|phone\u00bb header_font_size_tablet=\u00bb55px\u00bb header_font_size_last_edited=\u00bboff|desktop\u00bb locked=\u00bboff\u00bb global_colors_info=\u00bb{}\u00bb]<\/p>\n<p>Ofrecemos un servicio de gesti\u00f3n de arrendamientos para que nuestros clientes puedan despreocuparse en todo momento de aquellos problemas que vayan surgiendo durante el transcurso del alquiler. \u00a1Nosotros nos encargamos de todo!<\/p>\n<p>[\/et_pb_text][et_pb_image src=\u00bbhttps:\/\/gespromar.com\/wp-content\/uploads\/2019\/04\/gestion-de-alquileres-financiaci\u00f3n.jpg\u00bb title_text=\u00bbgestion de alquileres &#8211; financiaci\u00f3n\u00bb align=\u00bbcenter\u00bb disabled_on=\u00bboff|off|on\u00bb _builder_version=\u00bb4.24.0&#8243; _module_preset=\u00bbdefault\u00bb module_alignment=\u00bbcenter\u00bb min_height=\u00bb247px\u00bb custom_margin=\u00bb28px|||||\u00bb custom_padding=\u00bb52px|||||\u00bb global_colors_info=\u00bb{}\u00bb][\/et_pb_image][\/et_pb_column][\/et_pb_row][et_pb_row column_structure=\u00bb1_2,1_2&#8243; make_equal=\u00bbon\u00bb _builder_version=\u00bb4.24.0&#8243; _module_preset=\u00bbdefault\u00bb width=\u00bb54%\u00bb max_width=\u00bb70%\u00bb module_alignment=\u00bbcenter\u00bb custom_margin=\u00bb51px|auto||auto|false|false\u00bb global_colors_info=\u00bb{}\u00bb][et_pb_column type=\u00bb1_2&#8243; _builder_version=\u00bb4.24.0&#8243; _module_preset=\u00bbdefault\u00bb custom_padding=\u00bb||||false|false\u00bb custom_padding_tablet=\u00bb0px||||false|false\u00bb custom_padding_phone=\u00bb0px||||false|false\u00bb custom_padding_last_edited=\u00bbon|phone\u00bb global_colors_info=\u00bb{}\u00bb][et_pb_text _builder_version=\u00bb4.24.0&#8243; _module_preset=\u00bb0c6bc8be-1265-496d-a8dc-bc5e9a9a9edf\u00bb header_font=\u00bb||||||||\u00bb header_3_font=\u00bb|700|||||||\u00bb header_3_text_color=\u00bb#000000&#8243; header_3_font_size=\u00bb40px\u00bb header_3_line_height=\u00bb1.2em\u00bb header_3_font_size_tablet=\u00bb20px\u00bb header_3_font_size_phone=\u00bb16px\u00bb header_3_font_size_last_edited=\u00bbon|phone\u00bb locked=\u00bboff\u00bb global_colors_info=\u00bb{}\u00bb]<\/p>\n<h2 style=\"font-size: 1.8em; line-height: 1em; margin-bottom: 7%;\"><strong>Seguros de vivienda e impago<\/strong><\/h2>\n<p>[\/et_pb_text][et_pb_text _builder_version=\u00bb4.24.0&#8243; _module_preset=\u00bb22d0da71-6393-430b-a0cd-b77dd565e85c\u00bb text_font_size=\u00bb16px\u00bb text_line_height=\u00bb1.8em\u00bb custom_margin=\u00bb-26px||52px|||\u00bb text_font_size_tablet=\u00bb15px\u00bb text_font_size_phone=\u00bb14px\u00bb text_font_size_last_edited=\u00bbon|phone\u00bb header_font_size_tablet=\u00bb55px\u00bb header_font_size_last_edited=\u00bboff|desktop\u00bb locked=\u00bboff\u00bb global_colors_info=\u00bb{}\u00bb]<\/p>\n<p style=\"text-align: justify;\">Protegemos tu vivienda para que ganes tranquilidad. Contamos con los mejores profesionales del sector que encontrar\u00e1n el tipo de seguro que m\u00e1s se adapte a tus necesidades y con las mejores coberturas del mercado.<\/p>\n<p>[\/et_pb_text][et_pb_text _builder_version=\u00bb4.24.0&#8243; _module_preset=\u00bb0c6bc8be-1265-496d-a8dc-bc5e9a9a9edf\u00bb header_font=\u00bb||||||||\u00bb header_3_font=\u00bb|700|||||||\u00bb header_3_text_color=\u00bb#000000&#8243; header_3_font_size=\u00bb40px\u00bb header_3_line_height=\u00bb1.2em\u00bb header_3_font_size_tablet=\u00bb20px\u00bb header_3_font_size_phone=\u00bb16px\u00bb header_3_font_size_last_edited=\u00bbon|phone\u00bb locked=\u00bboff\u00bb global_colors_info=\u00bb{}\u00bb]<\/p>\n<h2 style=\"font-size: 1.8em; line-height: 1em; margin-bottom: 7%;\"><strong>Certificados energ\u00e9ticos<\/strong><\/h2>\n<p>[\/et_pb_text][et_pb_text _builder_version=\u00bb4.24.0&#8243; _module_preset=\u00bb22d0da71-6393-430b-a0cd-b77dd565e85c\u00bb text_font_size=\u00bb16px\u00bb text_line_height=\u00bb1.8em\u00bb custom_margin=\u00bb-30px|||||\u00bb text_font_size_tablet=\u00bb15px\u00bb text_font_size_phone=\u00bb14px\u00bb text_font_size_last_edited=\u00bbon|phone\u00bb header_font_size_tablet=\u00bb55px\u00bb header_font_size_last_edited=\u00bboff|desktop\u00bb locked=\u00bboff\u00bb global_colors_info=\u00bb{}\u00bb]<\/p>\n<p>Evaluamos la eficiencia energ\u00e9tica de tu inmueble. Nuestros t\u00e9cnicos se encargar\u00e1n de todo el proceso de tramitaci\u00f3n del certificado de eficiencia energ\u00e9tica, necesario para todas aquellas viviendas o locales que vayan a ser alquilados o comprados.<\/p>\n<p>[\/et_pb_text][\/et_pb_column][et_pb_column type=\u00bb1_2&#8243; _builder_version=\u00bb4.16&#8243; _module_preset=\u00bbdefault\u00bb global_colors_info=\u00bb{}\u00bb][et_pb_image src=\u00bbhttps:\/\/gespromar.com\/wp-content\/uploads\/2019\/04\/certificado-energ\u00e9tico-cee.png\u00bb title_text=\u00bbcertificado energ\u00e9tico cee\u00bb align=\u00bbcenter\u00bb _builder_version=\u00bb4.24.0&#8243; _module_preset=\u00bbdefault\u00bb module_alignment=\u00bbcenter\u00bb global_colors_info=\u00bb{}\u00bb][\/et_pb_image][\/et_pb_column][\/et_pb_row][\/et_pb_section]<\/p>\n","protected":false},"excerpt":{"rendered":"<p>ServiciosExpertos en el sector inmobiliarioBrindamos apoyo en la compraventa y arrendamiento de inmuebles, tanto de particulares como de promotores y entidades bancarias. Disponemos de un equipo multidisciplinario cuya m\u00e1xima es un trato directo con el cliente para conseguir llevar a cabo las gestiones con la mayor rapidez y eficacia posible.Servicios jur\u00eddicosDisponemos de asesoramiento jur\u00eddico para [&hellip;]<\/p>\n","protected":false},"author":10,"featured_media":0,"parent":0,"menu_order":0,"comment_status":"closed","ping_status":"closed","template":"","meta":{"_acf_changed":false,"_et_pb_use_builder":"on","_et_pb_old_content":"<p>[vc_row full_width=\"stretch_row\" content_placement=\"middle\" parallax=\"content-moving\" parallax_image=\"574\"][vc_column][vc_column_text css=\".vc_custom_1554636623285{padding-top: 5% !important;padding-right: 5% !important;padding-bottom: 5% !important;padding-left: 5% !important;}\"]<\/p>\n<h1 style=\"text-align: center; font-size: 4em; color: #000; line-height: 1em;\">Servicios<\/h1>\n<p>[\/vc_column_text][\/vc_column][\/vc_row][vc_row gap=\"35\" equal_height=\"yes\" content_placement=\"middle\" css=\".vc_custom_1554637918853{margin-top: 5% !important;}\"][vc_column width=\"1\/2\"][vc_column_text]<\/p>\n<h2 style=\"font-size:1.8em; line-height: 1em; margin-bottom:7%;\">Expertos en el sector inmobiliario<\/h2>\n<p style=\"text-align : justify;\">Brindamos apoyo en la compraventa y arrendamiento de inmuebles, tanto de particulares como de promotores y entidades bancarias. Disponemos de un equipo multidisciplinario cuya m\u00e1xima es un trato directo con el cliente para conseguir llevar a cabo las gestiones con la mayor rapidez y eficacia posible. <\/p>\n<p><\/br><\/p>\n<h2 style=\"font-size:1.8em; line-height: 1em; margin-bottom:7%;\">Servicios jur\u00eddicos <\/h2>\n<p style=\"text-align : justify;\">Disponemos de asesoramiento jur\u00eddico para garantizar a nuestros clientes completa seguridad en cualquier \u00e1mbito relacionado con el derecho inmobiliario:\n<\/p>\n<p style=\"padding-left:15px; line-height:2em;\">\n -  Herencias<br \/> -  Divorcios<br \/> -  Derecho civil y registral<br \/> -  Propiedad horizontal<br \/> -  Derecho hipotecario\n<\/p>\n<p>[\/vc_column_text][\/vc_column][vc_column width=\"1\/2\"][vc_single_image image=\"577\" img_size=\"full\" alignment=\"right\"][\/vc_column][\/vc_row][vc_row gap=\"35\" equal_height=\"yes\" content_placement=\"middle\" css=\".vc_custom_1554638507343{margin-top: 5% !important;}\"][vc_column width=\"1\/2\"][vc_single_image image=\"579\" img_size=\"full\" alignment=\"center\" el_id=\"desaparecer\"][\/vc_column][vc_column width=\"1\/2\"][vc_column_text]<\/p>\n<h2 style=\"font-size:1.8em; line-height: 1em; margin-bottom:7%;\">Financiaci\u00f3n<\/h2>\n<p style=\"text-align : justify;\">Contamos con un departamento financiero que estudiar\u00e1 tu situaci\u00f3n econ\u00f3mica y que te proporcionar\u00e1 de forma r\u00e1pida y sencilla el cr\u00e9dito necesario para llevar a cabo la compraventa del inmueble. <\/p>\n<p><\/br><\/p>\n<h2 style=\"font-size:1.8em; line-height: 1em;margin-bottom:7%;\">Gesti\u00f3n de alquileres<\/h2>\n<p style=\"text-align : justify;\">Ofrecemos un servicio de gesti\u00f3n de arrendamientos para que nuestros clientes puedan despreocuparse en todo momento de aquellos problemas que vayan surgiendo durante el transcurso del alquiler. \u00a1Nosotros nos encargamos de todo!\n<\/p>\n<p>[\/vc_column_text][\/vc_column][\/vc_row][vc_row gap=\"35\" equal_height=\"yes\" content_placement=\"middle\" css=\".vc_custom_1554637918853{margin-top: 5% !important;}\"][vc_column width=\"1\/2\"][vc_column_text]<\/p>\n<h2 style=\"font-size:1.8em; line-height: 1em; margin-bottom:7%;\">Seguros de vivienda e impago<\/h2>\n<p style=\"text-align : justify;\">Protegemos tu vivienda para que ganes tranquilidad. Contamos con los mejores profesionales del sector que encontrar\u00e1n el tipo de seguro que m\u00e1s se adapte a tus necesidades y con las mejores coberturas del mercado. <\/p>\n<p><\/br><\/p>\n<h2 style=\"font-size:1.8em; line-height: 1em; margin-bottom:7%;\">Certificados energ\u00e9ticos <\/h2>\n<p style=\"text-align : justify;\">Evaluamos la eficiencia energ\u00e9tica de tu inmueble. Nuestros t\u00e9cnicos se encargar\u00e1n de todo el proceso de tramitaci\u00f3n del certificado de eficiencia energ\u00e9tica, necesario para todas aquellas viviendas o locales que vayan a ser alquilados o comprados. <\/p>\n<p>[\/vc_column_text][\/vc_column][vc_column width=\"1\/2\"][vc_single_image image=\"581\" img_size=\"full\" alignment=\"right\"][\/vc_column][\/vc_row]<\/p>\n","_et_gb_content_width":"","footnotes":""},"class_list":["post-35","page","type-page","status-publish","hentry"],"acf":[],"_links":{"self":[{"href":"https:\/\/gespromar.com\/index.php\/wp-json\/wp\/v2\/pages\/35","targetHints":{"allow":["GET"]}}],"collection":[{"href":"https:\/\/gespromar.com\/index.php\/wp-json\/wp\/v2\/pages"}],"about":[{"href":"https:\/\/gespromar.com\/index.php\/wp-json\/wp\/v2\/types\/page"}],"author":[{"embeddable":true,"href":"https:\/\/gespromar.com\/index.php\/wp-json\/wp\/v2\/users\/10"}],"replies":[{"embeddable":true,"href":"https:\/\/gespromar.com\/index.php\/wp-json\/wp\/v2\/comments?post=35"}],"version-history":[{"count":10,"href":"https:\/\/gespromar.com\/index.php\/wp-json\/wp\/v2\/pages\/35\/revisions"}],"predecessor-version":[{"id":7274,"href":"https:\/\/gespromar.com\/index.php\/wp-json\/wp\/v2\/pages\/35\/revisions\/7274"}],"wp:attachment":[{"href":"https:\/\/gespromar.com\/index.php\/wp-json\/wp\/v2\/media?parent=35"}],"curies":[{"name":"wp","href":"https:\/\/api.w.org\/{rel}","templated":true}]}}